{"id":3,"date":"2025-06-04T13:21:58","date_gmt":"2025-06-04T13:21:58","guid":{"rendered":"https:\/\/adjustable-golf-tee.com\/?page_id=3"},"modified":"2025-07-18T06:51:44","modified_gmt":"2025-07-18T06:51:44","slug":"privacy-policy","status":"publish","type":"page","link":"https:\/\/adjustable-golf-tee.com\/fr\/privacy-policy\/","title":{"rendered":"Politique de Confidentialit\u00e9"},"content":{"rendered":"\n<h3 class=\"wp-block-heading\">Qui sommes-nous ?<\/h3>\n\n\n\n<p>L&rsquo;adresse de notre site web est : <a href=\"https:\/\/adjustable-golf-tee.com\" data-type=\"link\" data-id=\"https:\/\/adjustable-golf-tee.com\">adjustable-golf-tee.com<\/a> et l&rsquo;adresse de la soci\u00e9t\u00e9 m\u00e8re est <a href=\"https:\/\/baron.be\" data-type=\"link\" data-id=\"https:\/\/baron.be\">baron.be<\/a><br>Ce site est uniquement \u00e0 des fins d&rsquo;information et pr\u00e9sente un prototype.<\/p>\n\n\n\n<h3 class=\"wp-block-heading\">Collecte de Donn\u00e9es<\/h3>\n\n\n\n<p>Nous ne collectons aucune donn\u00e9e personnelle aupr\u00e8s des visiteurs de ce site web, car il n&rsquo;y a pas de fonctionnalit\u00e9s de commentaires, de comptes utilisateurs ou d&rsquo;interaction directe.<\/p>\n\n\n\n<h3 class=\"wp-block-heading\">Cookies<\/h3>\n\n\n\n<p>Ce site web peut utiliser une quantit\u00e9 minimale de <strong>cookies essentiels<\/strong> \u00e0 des fins techniques, comme assurer le bon fonctionnement du site. Ces cookies ne collectent aucune information personnelle.<\/p>\n\n\n\n<h3 class=\"wp-block-heading\">Contenu Int\u00e9gr\u00e9<\/h3>\n\n\n\n<p>Ce site peut inclure du contenu int\u00e9gr\u00e9 provenant d&rsquo;autres sites web (par exemple, des vid\u00e9os ou des images). Le contenu int\u00e9gr\u00e9 d&rsquo;autres sites web se comporte exactement de la m\u00eame mani\u00e8re que si le visiteur avait visit\u00e9 l&rsquo;autre site web. Ces sites web peuvent collecter des donn\u00e9es vous concernant, utiliser des cookies, int\u00e9grer un suivi tiers suppl\u00e9mentaire et surveiller votre interaction avec ce contenu int\u00e9gr\u00e9. Nous vous recommandons de consulter les politiques de confidentialit\u00e9 de tout fournisseur de contenu tiers si vous avez des pr\u00e9occupations.<\/p>\n","protected":false},"excerpt":{"rendered":"<p>Qui sommes-nous ? L&rsquo;adresse de notre site web est : adjustable-golf-tee.com et l&rsquo;adresse de la soci\u00e9t\u00e9 m\u00e8re est baron.beCe site est uniquement \u00e0 des fins d&rsquo;information et pr\u00e9sente un prototype. Collecte de Donn\u00e9es Nous ne collectons aucune donn\u00e9e personnelle aupr\u00e8s des visiteurs de ce site web, car il n&rsquo;y a pas de fonctionnalit\u00e9s de commentaires, &hellip; <\/p>\n<p class=\"link-more\"><a href=\"https:\/\/adjustable-golf-tee.com\/fr\/privacy-policy\/\" class=\"more-link\">Continuer la lecture<span class=\"screen-reader-text\"> de &laquo;&nbsp;Politique de Confidentialit\u00e9&nbsp;&raquo;<\/span><\/a><\/p>\n","protected":false},"author":1,"featured_media":0,"parent":0,"menu_order":0,"comment_status":"closed","ping_status":"open","template":"","meta":{"footnotes":""},"class_list":["post-3","page","type-page","status-publish","hentry"],"_links":{"self":[{"href":"https:\/\/adjustable-golf-tee.com\/fr\/wp-json\/wp\/v2\/pages\/3","targetHints":{"allow":["GET"]}}],"collection":[{"href":"https:\/\/adjustable-golf-tee.com\/fr\/wp-json\/wp\/v2\/pages"}],"about":[{"href":"https:\/\/adjustable-golf-tee.com\/fr\/wp-json\/wp\/v2\/types\/page"}],"author":[{"embeddable":true,"href":"https:\/\/adjustable-golf-tee.com\/fr\/wp-json\/wp\/v2\/users\/1"}],"replies":[{"embeddable":true,"href":"https:\/\/adjustable-golf-tee.com\/fr\/wp-json\/wp\/v2\/comments?post=3"}],"version-history":[{"count":7,"href":"https:\/\/adjustable-golf-tee.com\/fr\/wp-json\/wp\/v2\/pages\/3\/revisions"}],"predecessor-version":[{"id":90,"href":"https:\/\/adjustable-golf-tee.com\/fr\/wp-json\/wp\/v2\/pages\/3\/revisions\/90"}],"wp:attachment":[{"href":"https:\/\/adjustable-golf-tee.com\/fr\/wp-json\/wp\/v2\/media?parent=3"}],"curies":[{"name":"wp","href":"https:\/\/api.w.org\/{rel}","templated":true}]}}