{"id":13,"date":"2025-06-04T15:21:00","date_gmt":"2025-06-04T15:21:00","guid":{"rendered":"https:\/\/adjustable-golf-tee.com\/?page_id=13"},"modified":"2025-08-10T14:04:45","modified_gmt":"2025-08-10T14:04:45","slug":"home","status":"publish","type":"page","link":"https:\/\/adjustable-golf-tee.com\/fr\/","title":{"rendered":"Tee de golf \u00e9lectronique ajustable en hauteur (et distributeur de balles)"},"content":{"rendered":"\n<p>D\u00e9couvrez comment, gr\u00e2ce \u00e0 cet \u00e9quipement de qualit\u00e9 professionnelle, vous pourrez augmenter la distance de vos d\u00e9parts au driver pendant une s\u00e9ance de fitting. En effet, avec un driver, plus la balle de golf est haute sur le tee, moins vous g\u00e9n\u00e9rez de back-spin, ce qui a pour effet d&rsquo;augmenter votre distance.<\/p>\n\n\n\n<p>Ainsi, lors des s\u00e9ances de fitting, grace a cet appareil, vous pourrez d\u00e9terminer au millim\u00e8tre pr\u00e8s la hauteur optimale de votre balle sur le tee, en fonction de votre swing au driver. Par la suite, vous pourrez marquer vos tees d&rsquo;une ligne \u00e0 la hauteur que vous aurez d\u00e9termin\u00e9e.<br><\/p>\n\n\n\n<figure class=\"wp-block-embed is-type-video is-provider-youtube wp-block-embed-youtube wp-embed-aspect-16-9 wp-has-aspect-ratio\"><div class=\"wp-block-embed__wrapper\">\n<iframe loading=\"lazy\" title=\"Height-adjustable electronic golf tee prototype for precise indoor fitting.\" width=\"525\" height=\"295\" src=\"https:\/\/www.youtube.com\/embed\/dvBxm9v859E?feature=oembed\" frameborder=\"0\" allow=\"accelerometer; autoplay; clipboard-write; encrypted-media; gyroscope; picture-in-picture; web-share\" referrerpolicy=\"strict-origin-when-cross-origin\" allowfullscreen><\/iframe>\n<\/div><\/figure>\n\n\n\n<p>Id\u00e9al pour les professionnels du golf, les centres de fitting et les installations de golf en salle utilisant TrackMan, GCQuad ou d&rsquo;autres moniteurs de lancement. Voyez la diff\u00e9rence qu&rsquo;une hauteur de tee appropri\u00e9e peut faire dans vos donn\u00e9es de fitting !<br>Chaque professionnel de golf et expert en fitting devrait voir ceci ! <br>Ce tee de golf ajustable r\u00e9volutionne les s\u00e9ances de fitting de golf en salle. <br>Ajustement parfait de la hauteur pour TrackMan et autres configurations de moniteurs de lancement. <br>D\u00e9couvrez comment il am\u00e9liore la pr\u00e9cision du fitting et l&rsquo;exp\u00e9rience client dans les studios de golf professionnels.<\/p>\n\n\n\n<figure class=\"wp-block-embed is-type-video is-provider-youtube wp-block-embed-youtube wp-embed-aspect-16-9 wp-has-aspect-ratio\"><div class=\"wp-block-embed__wrapper\">\n<iframe loading=\"lazy\" title=\"Adjustable Golf Tee for Indoor Fitting - TrackMan Compatible | Professional Golf Equipment Review\" width=\"525\" height=\"295\" src=\"https:\/\/www.youtube.com\/embed\/Gl-VUtQWjOo?feature=oembed\" frameborder=\"0\" allow=\"accelerometer; autoplay; clipboard-write; encrypted-media; gyroscope; picture-in-picture; web-share\" referrerpolicy=\"strict-origin-when-cross-origin\" allowfullscreen><\/iframe>\n<\/div><\/figure>\n\n\n\n<p>Que vous soyez un professionnel de la PGA, un sp\u00e9cialiste du fitting de clubs ou que vous dirigiez une installation de golf en salle, cet outil \u00e9l\u00e8vera votre processus de fitting. Compatible avec tous les principaux syst\u00e8mes de moniteurs de lancement, y compris TrackMan, Foresight, et bien d&rsquo;autres.<\/p>\n\n\n\n<figure class=\"wp-block-image size-large\"><img loading=\"lazy\" decoding=\"async\" width=\"1024\" height=\"590\" src=\"https:\/\/adjustable-golf-tee.com\/wp-content\/uploads\/2025\/08\/adjustableGolfTeeBack-s-1024x590.png\" alt=\"Electronic golf tee\" class=\"wp-image-124\" srcset=\"https:\/\/adjustable-golf-tee.com\/wp-content\/uploads\/2025\/08\/adjustableGolfTeeBack-s-1024x590.png 1024w, https:\/\/adjustable-golf-tee.com\/wp-content\/uploads\/2025\/08\/adjustableGolfTeeBack-s-300x173.png 300w, https:\/\/adjustable-golf-tee.com\/wp-content\/uploads\/2025\/08\/adjustableGolfTeeBack-s-768x443.png 768w, https:\/\/adjustable-golf-tee.com\/wp-content\/uploads\/2025\/08\/adjustableGolfTeeBack-s.png 1417w\" sizes=\"auto, (max-width: 706px) 89vw, (max-width: 767px) 82vw, 740px\" \/><figcaption class=\"wp-element-caption\">Un syst\u00e8me de Tee de golf ajustable en hauteur, complement automatique pour le fitting en salle.<\/figcaption><\/figure>\n\n\n\n<figure class=\"wp-block-image size-large\"><img loading=\"lazy\" decoding=\"async\" width=\"1024\" height=\"561\" src=\"https:\/\/adjustable-golf-tee.com\/wp-content\/uploads\/2025\/08\/adjustableGolfTeeFront-s-1024x561.png\" alt=\"Electronic golf tee\" class=\"wp-image-123\" srcset=\"https:\/\/adjustable-golf-tee.com\/wp-content\/uploads\/2025\/08\/adjustableGolfTeeFront-s-1024x561.png 1024w, https:\/\/adjustable-golf-tee.com\/wp-content\/uploads\/2025\/08\/adjustableGolfTeeFront-s-300x164.png 300w, https:\/\/adjustable-golf-tee.com\/wp-content\/uploads\/2025\/08\/adjustableGolfTeeFront-s-768x421.png 768w, https:\/\/adjustable-golf-tee.com\/wp-content\/uploads\/2025\/08\/adjustableGolfTeeFront-s.png 1417w\" sizes=\"auto, (max-width: 706px) 89vw, (max-width: 767px) 82vw, 740px\" \/><figcaption class=\"wp-element-caption\">Completement r\u00e9alis\u00e9 en impression 3D fibre de carbone.<\/figcaption><\/figure>\n","protected":false},"excerpt":{"rendered":"<p>D\u00e9couvrez comment, gr\u00e2ce \u00e0 cet \u00e9quipement de qualit\u00e9 professionnelle, vous pourrez augmenter la distance de vos d\u00e9parts au driver pendant une s\u00e9ance de fitting. En effet, avec un driver, plus la balle de golf est haute sur le tee, moins vous g\u00e9n\u00e9rez de back-spin, ce qui a pour effet d&rsquo;augmenter votre distance. Ainsi, lors des &hellip; <\/p>\n<p class=\"link-more\"><a href=\"https:\/\/adjustable-golf-tee.com\/fr\/\" class=\"more-link\">Continuer la lecture<span class=\"screen-reader-text\"> de &laquo;&nbsp;Tee de golf \u00e9lectronique ajustable en hauteur (et distributeur de balles)&nbsp;&raquo;<\/span><\/a><\/p>\n","protected":false},"author":1,"featured_media":0,"parent":0,"menu_order":0,"comment_status":"closed","ping_status":"closed","template":"","meta":{"footnotes":""},"class_list":["post-13","page","type-page","status-publish","hentry"],"_links":{"self":[{"href":"https:\/\/adjustable-golf-tee.com\/fr\/wp-json\/wp\/v2\/pages\/13","targetHints":{"allow":["GET"]}}],"collection":[{"href":"https:\/\/adjustable-golf-tee.com\/fr\/wp-json\/wp\/v2\/pages"}],"about":[{"href":"https:\/\/adjustable-golf-tee.com\/fr\/wp-json\/wp\/v2\/types\/page"}],"author":[{"embeddable":true,"href":"https:\/\/adjustable-golf-tee.com\/fr\/wp-json\/wp\/v2\/users\/1"}],"replies":[{"embeddable":true,"href":"https:\/\/adjustable-golf-tee.com\/fr\/wp-json\/wp\/v2\/comments?post=13"}],"version-history":[{"count":22,"href":"https:\/\/adjustable-golf-tee.com\/fr\/wp-json\/wp\/v2\/pages\/13\/revisions"}],"predecessor-version":[{"id":132,"href":"https:\/\/adjustable-golf-tee.com\/fr\/wp-json\/wp\/v2\/pages\/13\/revisions\/132"}],"wp:attachment":[{"href":"https:\/\/adjustable-golf-tee.com\/fr\/wp-json\/wp\/v2\/media?parent=13"}],"curies":[{"name":"wp","href":"https:\/\/api.w.org\/{rel}","templated":true}]}}